{"id":1450,"date":"2016-05-08T18:44:21","date_gmt":"2016-05-08T18:44:21","guid":{"rendered":"https:\/\/sloactive.si\/o-nas\/"},"modified":"2025-12-12T11:34:57","modified_gmt":"2025-12-12T10:34:57","slug":"about-us","status":"publish","type":"page","link":"https:\/\/sloactive.si\/en\/about-us\/","title":{"rendered":"About Us"},"content":{"rendered":"<p>[vc_row css=&#8221;.vc_custom_1463045167639{padding-top: 60px !important;padding-bottom: 0px !important;}&#8221;][vc_column css=&#8221;.vc_custom_1463045486032{padding-top: 40px !important;padding-bottom: px !important;}&#8221;]<div class=\"slz-shortcode block-title-296519769e030d8f39c2 \">\r\n<h3 class=\"title-style-2\">SLOACTIVE<\/h3><\/div>\r\n[vc_column_text css=&#8221;.vc_custom_1765468382955{margin-bottom: 15px !important;}&#8221;]<\/p>\n<h2>Dobrodo\u0161li (Welcome) to the SloActive web page. Who is SloActive? It is I, Ur\u0161a and my partner, Toma\u017e, two, local cycling and hiking enthusiasts &amp; outdoor experts, who believe the best way to explore the world is by bike or on foot.<\/h2>\n<p>[\/vc_column_text][\/vc_column][\/vc_row][vc_row][vc_column width=&#8221;1\/2&#8243;][vc_column_text css=&#8221;.vc_custom_1578469696408{margin-bottom: 15px !important;}&#8221;]<strong>I am the more adventurous and love to travel. Sport and my love of nature are just a couple of my passions.<\/strong> I also enjoy good food and a glass of red wine, here and there. I am outgoing , always smiling and most of the time, happy. I like to ensure that everyone around me is happy too.[\/vc_column_text][\/vc_column][vc_column width=&#8221;1\/2&#8243;][vc_single_image image=&#8221;2944&#8243; img_size=&#8221;large&#8221; css=&#8221;.vc_custom_1578469558263{padding-top: 10px !important;}&#8221;][\/vc_column][\/vc_row][vc_row][vc_column width=&#8221;1\/2&#8243;][vc_column_text css=&#8221;.vc_custom_1578469709086{margin-bottom: 15px !important;}&#8221;]<strong>Toma\u017e is the realistic one and the voice of common sense. He is also passionate about sport and spending a great deal of time amongst the nature.<\/strong> He loves the mountains, enjoys photography \u2013 his favourite subjects being birds and the natural scenery. Additionally, during the past few years, he has become a passionate and creative wood designer. On the practical side he maintains the bikes (and other equiptment), making sure everything is in tip-top condition and that all runs smoothly. He has a natural talent for finding the best routes, and his hiking and cycling itineraries are imaginative and well-thought out.[\/vc_column_text][\/vc_column][vc_column width=&#8221;1\/2&#8243;][vc_single_image image=&#8221;2946&#8243; img_size=&#8221;large&#8221; css=&#8221;.vc_custom_1578469574086{padding-top: 10px !important;}&#8221;][\/vc_column][\/vc_row][vc_row][vc_column width=&#8221;1\/2&#8243;][vc_column_text css=&#8221;.vc_custom_1765468596623{margin-bottom: 15px !important;}&#8221;]<\/p>\n<p style=\"text-align: center;\"><strong>SloActive = Guided &amp; Self-Guided Cycling Tours Slovenia &amp; Active Holidays<\/strong><\/p>\n<p><strong>So, your SloActive team, I, Ur\u0161a and Toma\u017e, compliment each other in the most perfect way.<\/strong><\/p>\n<p><strong>Our love of the outdoors and of our beautiful Slovenia shows itself in every aspect of our lives. We have been lucky enough to now incorporate these passions into our own careers and, SloActive.<\/strong><\/p>\n<p>Slovenia is such a diverse country and even though we have been cycling and hiking through it for, what seems like, a life-time we still make discoveries that surprise, astonish and delight us.<\/p>\n<p>Slovenia is not just Bled, Ljubljana and the caves of Postojna and \u0160kocjan. It is lakes, mountains, meadows, valleys, forests and the coastal region. It is also the magnificent colours that change with every season. It is the friendliness and warmth of its people, the food, which varies from region to region, the wines reflecting the flavours of the soil they are grown in. In short, it is everything for everyone.<\/p>\n<p>This is your holiday \u2013 we wish you to enjoy it fully.<\/p>\n<p>A holiday is all about having an unforgetable and fantastic time, away from work, away from the routine of every day living. We fully understand that such type of a holiday needs extra time, thought and planning.<\/p>\n<p>We established SloActive so that people like you can relax and have more fun cycling or hiking whilst discovering our Slovenia and admiring the awe-inspiring scenery. Our goal is to get all the details right for you. All you need to do is book the desired tour and let us take care of the travel details such as hotel reservations, luggage transferral, so that it is awaiting you at your next accommodation. Plus all the other details needed for a carefree, active holiday. We provide a high level of service, knowledgeable tour guides, quality bikes and required support, as well as carefully designed and prepared route itineraries.<\/p>\n<p>We\u00b4ve designed, pedalled, hiked and enjoyed all of the routes ourselves. We have searched for the best places to visit. The most attractive roads to cycle, trails to hike, thus enabling you to relax and enjoy your chosen destination to its maximum. Immerse yourself in the beautiful Slovenian landscapes, charming villages, places steeped in fascinating history and attractive cities. We\u00b4ve created trips for everyone so that regardless of age, gender or ability, anyone can experience the joy of cycling or hiking.[\/vc_column_text][\/vc_column][vc_column width=&#8221;1\/2&#8243;][vc_single_image image=&#8221;2942&#8243; img_size=&#8221;large&#8221; css=&#8221;.vc_custom_1578469586448{padding-top: 10px !important;}&#8221;][vc_single_image image=&#8221;2958&#8243; img_size=&#8221;large&#8221; css=&#8221;.vc_custom_1578646702839{padding-top: 10px !important;}&#8221;][\/vc_column][\/vc_row][vc_row full_width=&#8221;stretch_row&#8221; el_class=&#8221;slz-bg_parallax&#8221; css=&#8221;.vc_custom_1533196027597{padding-top: 100px !important;padding-bottom: 100px !important;background-image: url(http:\/\/sloactive.si\/wp-content\/uploads\/2018\/08\/kolesarske_ture-1.jpg?id=1365) !important;}&#8221;][vc_column css=&#8221;.vc_custom_1463036613861{padding-top: 0px !important;}&#8221;]<div class=\"slz-shortcode block-title-82865206469e030d8f3fb9 \">\r\n<h3 class=\"title-style-2\">Category<\/h3><\/div>\r\n[vc_column_text css=&#8221;.vc_custom_1535107993955{margin-bottom: 15px !important;}&#8221;]<span style=\"color: #ffffff;\">Our cycling holidays have been graded by using\u00a0 three categories. We calculate our grading based on distances covered, combined with route conditions (routes include cycling on asphalt. gravel roads woods and cycling paths), climate and on the amount of altitude gained. They are intended as a guideline, to check your suitability for a specific tour. Should you need more information about a certain tour, please feel free to contact us.<\/span><\/p>\n<p><span style=\"color: #ffffff;\">We classify the routes as either Easy, Moderate or Tough.<\/span>[\/vc_column_text][vc_row_inner][vc_column_inner width=&#8221;1\/3&#8243; css=&#8221;.vc_custom_1533196257387{border-top-width: 5px !important;border-right-width: 5px !important;border-bottom-width: 5px !important;border-left-width: 5px !important;background-color: rgba(10,10,10,0.72) !important;*background-color: rgb(10,10,10) !important;border-radius: 1px !important;}&#8221;]<div class=\"slz-shortcode icon-box-131040845769e030d8f4058 \"><div class=\"our-content\"><i class=\"our-icon iconmoon-winking-face\"><\/i><div class=\"main-our\"><p class=\"our-title\">Easy<\/p><div class=\"text\">Ideal for those infrequent cyclists. The route is mainly flat with the occasional hill. The daily distances are between 25 km - 40 km per day.<\/div><\/div><\/div><\/div>[vc_empty_space height=&#8221;40px&#8221;][\/vc_column_inner][vc_column_inner width=&#8221;1\/3&#8243; css=&#8221;.vc_custom_1533196144850{background-color: rgba(10,10,10,0.72) !important;*background-color: rgb(10,10,10) !important;border-radius: 1px !important;}&#8221;]<div class=\"slz-shortcode icon-box-187444485869e030d9000f5 \"><div class=\"our-content\"><i class=\"our-icon iconmoon-laughing-face\"><\/i><div class=\"main-our\"><p class=\"our-title\">Moderate<\/p><div class=\"text\">Ideal for those who cycle regularly. The route does include some hills, although we will avoid the steepest and longest climbs. The daily distances are between 40 km - 60 km per day.<\/div><\/div><\/div><\/div>[vc_empty_space height=&#8221;40px&#8221;][\/vc_column_inner][vc_column_inner width=&#8221;1\/3&#8243; css=&#8221;.vc_custom_1533196156536{background-color: rgba(10,10,10,0.72) !important;*background-color: rgb(10,10,10) !important;border-radius: 1px !important;}&#8221;]<div class=\"slz-shortcode icon-box-65157379869e030d9001a3 \"><div class=\"our-content\"><i class=\"our-icon iconmoon-face-open-mouth\"><\/i><div class=\"main-our\"><p class=\"our-title\">Tough<\/p><div class=\"text\">Ideal for regular cyclists who are looking for longer distances and more of a challenge. The route will naturally include some hills. The daily distances are from 40 km \u2013 70 km per day.<\/div><\/div><\/div><\/div>[vc_empty_space height=&#8221;40px&#8221;][\/vc_column_inner][\/vc_row_inner][vc_column_text css=&#8221;.vc_custom_1535108111369{margin-bottom: 15px !important;}&#8221;]<span style=\"color: #ffffff;\"><strong>We wish you to enjoy and have more fun on your bike while riding in new places. Let us take care of the details.<\/strong><\/span>[\/vc_column_text][\/vc_column][\/vc_row][vc_row css=&#8221;.vc_custom_1463045167639{padding-top: 60px !important;padding-bottom: 0px !important;}&#8221;][vc_column width=&#8221;1\/2&#8243; css=&#8221;.vc_custom_1463045486032{padding-top: 40px !important;padding-bottom: px !important;}&#8221;]<div class=\"slz-shortcode block-title-116654828069e030d90023d \">\r\n<h3 class=\"title-style-2\">YOU WILL FIND FOLLOWING TYPE OF TOURS IN OUR OFFER<\/h3><\/div>\r\n[vc_column_text css=&#8221;.vc_custom_1535977222642{margin-bottom: 15px !important;}&#8221;]<\/p>\n<h2>Guided<\/h2>\n<p>Our groups are small, normally 8-16 people, meaning our trips aren\u2019t disruptive to the places we visit. Plus, a smaller number of guests creates a good group dynamic; you\u2019ll get to know a number of people from different backgrounds with a shared interest in travel.<\/p>\n<p>And with a local guide on all our guided group trips, you\u2019ll get a unique insight into local life. They know the stories behind the sights you&#8217;ll see and\u00a0take all the hassle out of travel arrangements, so you can focus on enjoying every moment of your adventure.\u00a0Our passionate and knowledgeable guides are famous for going the extra mile to make sure your holiday is the best it can possibly be!<\/p>\n<p>&nbsp;<\/p>\n<h2>Self guided<\/h2>\n<p>Should you prefer to do it at your own rythm rather than following a guide who points you in the right direction, then self guided option is perfect for you. On self-guided cycling tours the decisions are yours to make, based on your personal interests and preferences, as well as detailed route notes that provide all the information you\u2019ll need for your destination. Prefer to spend a lazy afternoon taking some sun by a lake shore, rather than peddaling all day? With self-guided travel you set your own pace, which means there\u2019s always time for that swim in the sea, the detour to a nearby museum or that extra ice-cream scoop after lunch!<\/p>\n<p>For those looking for a little more independence, self-guided cycling trips provide the opportunity for you to explore things in your own way. And, of course, we take care of your hotel reservations, luggage, making sure it\u2019s transferred and waiting for you at your next accommodation. Perfect for romantic escapes, \u00a0anniversary or birthday celebration!<\/p>\n<p>&nbsp;<\/p>\n<h2>Short-Break Trips or Just a day trip = Fun Trips<\/h2>\n<p>We believe that there&#8217;s always time for a little adventure. And if you share this believe too, our range of day and short-break trips could be just for you.<\/p>\n<p>Perfect for anyone craving a bit of excitement but struggling to make time for an epic trip, our short-break tours mean that in just a long weekend you could be <strong><a href=\"https:\/\/sloactive.si\/en\/?post_type=slzexploore_tour&#038;p=1421\">cycling in beautiful Slovenian Karst region<\/a><\/strong>, admiring fairy tale Bled Lake or enjoy some peace at quite Slovenian Karst village Vremski Britof <strong>(<a href=\"https:\/\/www.kmetija-jankovi.com\/en\/\" target=\"_blank\" rel=\"noopener noreferrer\">app Jankovi<\/a>)<\/strong>.\u00a0All you need to do is take a couple of days off work \u2013 we&#8217;ll do the rest.<\/p>\n<p>&nbsp;<\/p>\n<h2>Tailormade Tours<\/h2>\n<p>Do you need help with planning your next amazing get-away? We can also design a tailormade tours for you, your family, friends or co-workers. Tell us destination where you would like to go; when you are thinking of travelling; and any ideas you have. And let us take care of your next unforgetable adventure! We will work with you, give you suggestions for places to visit, point you to must do activities. We will do our best to make the most of your time away.<br \/>\nShould you like a tour that already exist in our offer and you would fancy adding a little extra excitment, just let us know. SloActive can help you create your perfect Tailormade Adventure.<\/p>\n<p><em>\u00a0<\/em>[\/vc_column_text][\/vc_column][vc_column width=&#8221;1\/2&#8243; css=&#8221;.vc_custom_1463045476538{padding-top: 20px !important;}&#8221;][vc_single_image image=&#8221;1599&#8243; img_size=&#8221;large&#8221; css_animation=&#8221;right-to-left&#8221; css=&#8221;.vc_custom_1535632206177{margin-bottom: 0px !important;}&#8221;][vc_single_image image=&#8221;1603&#8243; img_size=&#8221;large&#8221; css_animation=&#8221;left-to-right&#8221; css=&#8221;.vc_custom_1535632226953{margin-bottom: 0px !important;}&#8221;][\/vc_column][\/vc_row][vc_row full_width=&#8221;stretch_row_content_no_spaces&#8221;][vc_column]\r\n<div class=\"slz-shortcode contact-117079928569e030d9002a3 \">\r\n\t<div class=\"contact style-1\">\r\n\t\t<div class=\"container\">\t\t<div class=\"row\">\r\n\t\t\t<div class=\"wrapper-contact-style\">\r\n\t\t\t\t\t\t\t<div data-wow-delay=\"0.5s\" class=\"contact-wrapper-images wow fadeInLeft\"><img loading=\"lazy\" decoding=\"async\" width=\"276\" height=\"536\" src=\"https:\/\/sloactive.si\/wp-content\/uploads\/2016\/05\/contact-people.png\" class=\"img-responsive attachment-full\" alt=\"\" srcset=\"https:\/\/sloactive.si\/wp-content\/uploads\/2016\/05\/contact-people.png 276w, https:\/\/sloactive.si\/wp-content\/uploads\/2016\/05\/contact-people-154x300.png 154w\" sizes=\"(max-width: 276px) 100vw, 276px\" \/><\/div>\r\n\t\t\t\t\t\t\t<div class=\"col-lg-6 col-sm-7 col-lg-offset-4 col-sm-offset-5\">\r\n\t\t\t\t\t\t\t\t<div data-wow-delay=\"0.4s\" class=\"contact-wrapper padding-top padding-bottom wow fadeInRight\">\t\t\t\t<div class=\"contact-box\">\r\n\t\t\t\t\t\t\t\t\t\t<h5 class=\"title\">Contact us<\/h5>\r\n\t\t\t\t\t\t\t\t\t\t\t\t\t\t\t<p class=\"text\">Just pack and go! Let leave your travel plan to travel experts!<\/p>\r\n\t\t\t\t\t\t\t\t\t\t\t\t\t\t<\/div>\r\n\t\t\t<\/div>\r\n\t\t\t\t\t<\/div>\r\n\t\t\t\t<\/div>\t\t<\/div>\r\n\t\t<\/div>\t<\/div>\r\n<\/div>[\/vc_column][\/vc_row]<\/p>\n","protected":false},"excerpt":{"rendered":"<p>[vc_row css=&#8221;.vc_custom_1463045167639{padding-top: 60px !important;padding-bottom: 0px !important;}&#8221;][vc_column css=&#8221;.vc_custom_1463045486032{padding-top: 40px !important;padding-bottom: px !important;}&#8221;][vc_column_text css=&#8221;.vc_custom_1765468382955{margin-bottom: 15px !important;}&#8221;] Dobrodo\u0161li (Welcome) to the SloActive web page. Who is SloActive? It is I, Ur\u0161a and my partner, Toma\u017e, two, local cycling and hiking enthusiasts &amp; outdoor experts, who believe the best way to explore the world is by bike or on [&hellip;]<\/p>\n","protected":false},"author":5,"featured_media":0,"parent":0,"menu_order":0,"comment_status":"closed","ping_status":"open","template":"","meta":{"footnotes":""},"class_list":["post-1450","page","type-page","status-publish","hentry"],"yoast_head":"<!-- This site is optimized with the Yoast SEO plugin v21.7 - https:\/\/yoast.com\/wordpress\/plugins\/seo\/ -->\n<title>About Us | Cycling in Slovenia |<\/title>\n<meta name=\"description\" content=\"SloActive \u2013 Local Cycling Guides &amp; Outdoor Experts in Bled Bike Tours Bled | Guided &amp; Self-Guided Cycling Tours \u2013 SloActive\" \/>\n<meta name=\"robots\" content=\"index, follow, max-snippet:-1, max-image-preview:large, max-video-preview:-1\" \/>\n<link rel=\"canonical\" href=\"https:\/\/sloactive.si\/en\/about-us\/\" \/>\n<meta property=\"og:locale\" content=\"en_US\" \/>\n<meta property=\"og:type\" content=\"article\" \/>\n<meta property=\"og:title\" content=\"About Us | Cycling in Slovenia |\" \/>\n<meta property=\"og:description\" content=\"SloActive \u2013 Local Cycling Guides &amp; Outdoor Experts in Bled Bike Tours Bled | Guided &amp; Self-Guided Cycling Tours \u2013 SloActive\" \/>\n<meta property=\"og:url\" content=\"https:\/\/sloactive.si\/en\/about-us\/\" \/>\n<meta property=\"og:site_name\" content=\"Cycling in Slovenia\" \/>\n<meta property=\"article:modified_time\" content=\"2025-12-12T10:34:57+00:00\" \/>\n<meta name=\"twitter:card\" content=\"summary_large_image\" \/>\n<meta name=\"twitter:label1\" content=\"Est. reading time\" \/>\n\t<meta name=\"twitter:data1\" content=\"9 minutes\" \/>\n<script type=\"application\/ld+json\" class=\"yoast-schema-graph\">{\"@context\":\"https:\/\/schema.org\",\"@graph\":[{\"@type\":\"WebPage\",\"@id\":\"https:\/\/sloactive.si\/en\/about-us\/\",\"url\":\"https:\/\/sloactive.si\/en\/about-us\/\",\"name\":\"About Us | Cycling in Slovenia |\",\"isPartOf\":{\"@id\":\"https:\/\/sloactive.si\/#website\"},\"datePublished\":\"2016-05-08T18:44:21+00:00\",\"dateModified\":\"2025-12-12T10:34:57+00:00\",\"description\":\"SloActive \u2013 Local Cycling Guides & Outdoor Experts in Bled Bike Tours Bled | Guided & Self-Guided Cycling Tours \u2013 SloActive\",\"breadcrumb\":{\"@id\":\"https:\/\/sloactive.si\/en\/about-us\/#breadcrumb\"},\"inLanguage\":\"en-US\",\"potentialAction\":[{\"@type\":\"ReadAction\",\"target\":[\"https:\/\/sloactive.si\/en\/about-us\/\"]}]},{\"@type\":\"BreadcrumbList\",\"@id\":\"https:\/\/sloactive.si\/en\/about-us\/#breadcrumb\",\"itemListElement\":[{\"@type\":\"ListItem\",\"position\":1,\"name\":\"Home\",\"item\":\"https:\/\/sloactive.si\/en\/\"},{\"@type\":\"ListItem\",\"position\":2,\"name\":\"About Us\"}]},{\"@type\":\"WebSite\",\"@id\":\"https:\/\/sloactive.si\/#website\",\"url\":\"https:\/\/sloactive.si\/\",\"name\":\"Cycling in Slovenia\",\"description\":\"Rent a bike, Cycling, Hiking &amp; Active tours\",\"potentialAction\":[{\"@type\":\"SearchAction\",\"target\":{\"@type\":\"EntryPoint\",\"urlTemplate\":\"https:\/\/sloactive.si\/?s={search_term_string}\"},\"query-input\":\"required name=search_term_string\"}],\"inLanguage\":\"en-US\"}]}<\/script>\n<!-- \/ Yoast SEO plugin. -->","yoast_head_json":{"title":"About Us | Cycling in Slovenia |","description":"SloActive \u2013 Local Cycling Guides & Outdoor Experts in Bled Bike Tours Bled | Guided & Self-Guided Cycling Tours \u2013 SloActive","robots":{"index":"index","follow":"follow","max-snippet":"max-snippet:-1","max-image-preview":"max-image-preview:large","max-video-preview":"max-video-preview:-1"},"canonical":"https:\/\/sloactive.si\/en\/about-us\/","og_locale":"en_US","og_type":"article","og_title":"About Us | Cycling in Slovenia |","og_description":"SloActive \u2013 Local Cycling Guides & Outdoor Experts in Bled Bike Tours Bled | Guided & Self-Guided Cycling Tours \u2013 SloActive","og_url":"https:\/\/sloactive.si\/en\/about-us\/","og_site_name":"Cycling in Slovenia","article_modified_time":"2025-12-12T10:34:57+00:00","twitter_card":"summary_large_image","twitter_misc":{"Est. reading time":"9 minutes"},"schema":{"@context":"https:\/\/schema.org","@graph":[{"@type":"WebPage","@id":"https:\/\/sloactive.si\/en\/about-us\/","url":"https:\/\/sloactive.si\/en\/about-us\/","name":"About Us | Cycling in Slovenia |","isPartOf":{"@id":"https:\/\/sloactive.si\/#website"},"datePublished":"2016-05-08T18:44:21+00:00","dateModified":"2025-12-12T10:34:57+00:00","description":"SloActive \u2013 Local Cycling Guides & Outdoor Experts in Bled Bike Tours Bled | Guided & Self-Guided Cycling Tours \u2013 SloActive","breadcrumb":{"@id":"https:\/\/sloactive.si\/en\/about-us\/#breadcrumb"},"inLanguage":"en-US","potentialAction":[{"@type":"ReadAction","target":["https:\/\/sloactive.si\/en\/about-us\/"]}]},{"@type":"BreadcrumbList","@id":"https:\/\/sloactive.si\/en\/about-us\/#breadcrumb","itemListElement":[{"@type":"ListItem","position":1,"name":"Home","item":"https:\/\/sloactive.si\/en\/"},{"@type":"ListItem","position":2,"name":"About Us"}]},{"@type":"WebSite","@id":"https:\/\/sloactive.si\/#website","url":"https:\/\/sloactive.si\/","name":"Cycling in Slovenia","description":"Rent a bike, Cycling, Hiking &amp; Active tours","potentialAction":[{"@type":"SearchAction","target":{"@type":"EntryPoint","urlTemplate":"https:\/\/sloactive.si\/?s={search_term_string}"},"query-input":"required name=search_term_string"}],"inLanguage":"en-US"}]}},"_links":{"self":[{"href":"https:\/\/sloactive.si\/en\/wp-json\/wp\/v2\/pages\/1450"}],"collection":[{"href":"https:\/\/sloactive.si\/en\/wp-json\/wp\/v2\/pages"}],"about":[{"href":"https:\/\/sloactive.si\/en\/wp-json\/wp\/v2\/types\/page"}],"author":[{"embeddable":true,"href":"https:\/\/sloactive.si\/en\/wp-json\/wp\/v2\/users\/5"}],"replies":[{"embeddable":true,"href":"https:\/\/sloactive.si\/en\/wp-json\/wp\/v2\/comments?post=1450"}],"version-history":[{"count":21,"href":"https:\/\/sloactive.si\/en\/wp-json\/wp\/v2\/pages\/1450\/revisions"}],"predecessor-version":[{"id":4232,"href":"https:\/\/sloactive.si\/en\/wp-json\/wp\/v2\/pages\/1450\/revisions\/4232"}],"wp:attachment":[{"href":"https:\/\/sloactive.si\/en\/wp-json\/wp\/v2\/media?parent=1450"}],"curies":[{"name":"wp","href":"https:\/\/api.w.org\/{rel}","templated":true}]}}